{"id":339,"date":"2024-07-23T15:32:03","date_gmt":"2024-07-23T15:32:03","guid":{"rendered":"https:\/\/uwemajo.com\/?page_id=339"},"modified":"2024-08-12T15:30:45","modified_gmt":"2024-08-12T15:30:45","slug":"volontariat","status":"publish","type":"page","link":"https:\/\/uwemajo.com\/en\/volontariat","title":{"rendered":"Volontariat"},"content":{"rendered":"<p>[et_pb_section fb_built=&#8220;1&#8243; _builder_version=&#8220;4.24.2&#8243; _module_preset=&#8220;default&#8220; custom_padding=&#8220;0px||||false|false&#8220; global_colors_info=&#8220;{}&#8220;][et_pb_row column_structure=&#8220;1_2,1_2&#8243; _builder_version=&#8220;4.24.2&#8243; _module_preset=&#8220;default&#8220; global_colors_info=&#8220;{}&#8220;][et_pb_column type=&#8220;1_2&#8243; _builder_version=&#8220;4.24.2&#8243; _module_preset=&#8220;default&#8220; global_colors_info=&#8220;{}&#8220;][et_pb_image src=&#8220;https:\/\/uwemajo.com\/wp-content\/uploads\/2024\/07\/PLATZHALTER.png&#8220; title_text=&#8220;PLATZHALTER&#8220; _builder_version=&#8220;4.27.0&#8243; _module_preset=&#8220;default&#8220; custom_margin=&#8220;||5px||false|false&#8220; global_colors_info=&#8220;{}&#8220;][\/et_pb_image][et_pb_text _builder_version=&#8220;4.27.0&#8243; _module_preset=&#8220;default&#8220; custom_margin=&#8220;||0px||false|false&#8220; global_colors_info=&#8220;{}&#8220;]<\/p>\n<p>BILD = PLATZHALTER (fehlt noch)<\/p>\n<p>[\/et_pb_text][\/et_pb_column][et_pb_column type=&#8220;1_2&#8243; _builder_version=&#8220;4.24.2&#8243; _module_preset=&#8220;default&#8220; global_colors_info=&#8220;{}&#8220;][et_pb_text _builder_version=&#8220;4.27.0&#8243; _module_preset=&#8220;default&#8220; header_font=&#8220;Oswald|700||on|||||&#8220; header_text_color=&#8220;#0E4724&#8243; header_font_size=&#8220;50px&#8220; header_2_font=&#8220;Oswald|700|||||||&#8220; header_2_text_color=&#8220;#819F8C&#8220; header_font_size_tablet=&#8220;50px&#8220; header_font_size_phone=&#8220;30px&#8220; header_font_size_last_edited=&#8220;on|phone&#8220; global_colors_info=&#8220;{}&#8220;]<\/p>\n<h1>DEIN VOLONTARIAT<\/h1>\n<h2>Heldinnen und Helden gesucht!<\/h2>\n<p>Werde Volontar im Schildkr\u00f6ten- und Reptilienpark und unterst\u00fctze uns aktiv beim Schutz faszinierender Tiere und einzigartiger \u00d6kosysteme.\u00a0<\/p>\n<p data-sourcepos=\"5:1-5:64\"><strong>Erlebe hautnah die faszinierende Welt der Schildkr\u00f6ten und Reptilien:<\/strong><\/p>\n<ul data-sourcepos=\"7:1-8:46\">\n<li data-sourcepos=\"7:1-7:80\"><span>Lerne verschiedene Arten kennen und beobachte ihr Verhalten aus n\u00e4chster N\u00e4he.<\/span><\/li>\n<li data-sourcepos=\"8:1-8:46\"><span>Hilf bei der F\u00fctterung und Pflege der Tiere.<\/span><\/li>\n<li data-sourcepos=\"9:1-9:58\"><span>Unterst\u00fctze bei der Reinigung und Gestaltung der Gehege.<\/span><\/li>\n<li data-sourcepos=\"10:1-11:0\"><span>Trage zur Erhaltung des nat\u00fcrlichen Lebensraums der Tiere bei.<\/span><\/li>\n<\/ul>\n<p data-sourcepos=\"12:1-12:16\"><strong>Engagiere dich f\u00fcr den Artenschutz und erhalte wertvolle Erfahrungen:<\/strong><\/p>\n<ul data-sourcepos=\"14:1-16:63\">\n<li data-sourcepos=\"14:1-14:84\"><span>Lerne mehr \u00fcber die Bedrohungen,<\/span><span> denen Schildkr\u00f6ten und Reptilien ausgesetzt sind.<\/span><\/li>\n<li data-sourcepos=\"15:1-15:92\"><span>Unterst\u00fctze unsere Aufkl\u00e4rungsarbeit und sensibilisiere Besucher f\u00fcr den Schutz der Tiere.<\/span><\/li>\n<li data-sourcepos=\"16:1-16:63\"><span>Erwerbe praktische F\u00e4higkeiten in Tierpflege und Naturschutz.<\/span><\/li>\n<li data-sourcepos=\"17:1-18:0\"><span>Erhalte Einblicke in die Arbeit eines Zoos und kn\u00fcpfe neue Kontakte.<\/span><\/li>\n<\/ul>\n<p data-sourcepos=\"19:1-19:73\"><strong>Werde Teil eines engagierten Teams und erlebe unvergessliche Momente:<\/strong><\/p>\n<ul data-sourcepos=\"21:1-25:0\">\n<li data-sourcepos=\"21:1-21:56\"><span>Arbeite mit erfahrenen Pflegern und Biologen zusammen.<\/span><\/li>\n<li data-sourcepos=\"22:1-22:75\"><span>Genie\u00dfe die einzigartige Atmosph\u00e4re des Schildkr\u00f6ten- und Reptilienparks.<\/span><\/li>\n<li data-sourcepos=\"23:1-23:65\"><span>Trage zum Wohl der Tiere und zum Erhalt des Mangrovenwalds bei.<\/span><\/li>\n<li data-sourcepos=\"24:1-25:0\"><span>Erlebe unvergessliche Momente bei der Arbeit mit diesen faszinierenden Gesch\u00f6pfen.<\/span><\/li>\n<\/ul>\n<p data-sourcepos=\"26:1-26:99\"><strong>Freiwilligenarbeit im Schildkr\u00f6ten- und Reptilienpark \u2013 ein Erlebnis, das dich bereichern wird!<\/strong><\/p>\n<p data-sourcepos=\"28:1-28:40\"><strong>Bist du neugierig, mehr zu erfahren?<br \/><\/strong><span>Dann schreibe uns \u00fcber das nachstehende Formular.<\/span><span>\u00a0Wir freuen uns auf dich!<\/span><\/p>\n<p data-sourcepos=\"32:1-32:98\"><strong>Gemeinsam k\u00f6nnen wir etwas f\u00fcr den Erhalt der Artenvielfalt und den Schutz unserer Umwelt tun!<\/strong><\/p>\n<p>[\/et_pb_text][et_pb_button button_url=&#8220;#formular&#8220; button_text=&#8220;Jetzt bewerben!&#8220; button_alignment=&#8220;center&#8220; module_class=&#8220;vollebreite&#8220; _builder_version=&#8220;4.27.0&#8243; _module_preset=&#8220;default&#8220; custom_button=&#8220;on&#8220; button_text_size=&#8220;18px&#8220; button_text_color=&#8220;#FFFFFF&#8220; button_bg_color=&#8220;#819F8C&#8220; button_border_width=&#8220;0px&#8220; global_colors_info=&#8220;{}&#8220;][\/et_pb_button][\/et_pb_column][\/et_pb_row][\/et_pb_section][et_pb_section fb_built=&#8220;1&#8243; _builder_version=&#8220;4.27.0&#8243; _module_preset=&#8220;default&#8220; background_color=&#8220;#819F8C&#8220; global_colors_info=&#8220;{}&#8220;][et_pb_row _builder_version=&#8220;4.27.0&#8243; _module_preset=&#8220;default&#8220; custom_padding=&#8220;0px||0px||true|false&#8220; global_colors_info=&#8220;{}&#8220;][et_pb_column type=&#8220;4_4&#8243; _builder_version=&#8220;4.27.0&#8243; _module_preset=&#8220;default&#8220; global_colors_info=&#8220;{}&#8220;][et_pb_text _builder_version=&#8220;4.27.0&#8243; _module_preset=&#8220;default&#8220; text_text_color=&#8220;#FFFFFF&#8220; header_2_text_color=&#8220;#D5E8DF&#8220; global_colors_info=&#8220;{}&#8220;]<\/p>\n<h2>Deine Unterkunft w\u00e4hrend des Volontariats<\/h2>\n<p>Wir bieten drei verschiedene M\u00f6glichkeiten zur Unterkunft an. Du hast die Wahl.<\/p>\n<p>[\/et_pb_text][\/et_pb_column][\/et_pb_row][et_pb_row column_structure=&#8220;1_3,1_3,1_3&#8243; _builder_version=&#8220;4.27.0&#8243; _module_preset=&#8220;default&#8220; global_colors_info=&#8220;{}&#8220;][et_pb_column type=&#8220;1_3&#8243; _builder_version=&#8220;4.27.0&#8243; _module_preset=&#8220;default&#8220; global_colors_info=&#8220;{}&#8220;][et_pb_image src=&#8220;https:\/\/uwemajo.com\/wp-content\/uploads\/2024\/07\/Volontariat-Hotel.webp&#8220; title_text=&#8220;Volontariat Hotel&#8220; _builder_version=&#8220;4.27.0&#8243; _module_preset=&#8220;default&#8220; custom_margin=&#8220;||10px||false|false&#8220; global_colors_info=&#8220;{}&#8220;][\/et_pb_image][et_pb_text _builder_version=&#8220;4.27.0&#8243; _module_preset=&#8220;default&#8220; text_text_color=&#8220;#D5E8DF&#8220; header_3_text_color=&#8220;#FFFFFF&#8220; global_colors_info=&#8220;{}&#8220;]<\/p>\n<h3>Unterkunft im Hotel<\/h3>\n<p>Du wohnst in einem nahegelegenem einheimischen Hotel.<\/p>\n<p>[\/et_pb_text][\/et_pb_column][et_pb_column type=&#8220;1_3&#8243; _builder_version=&#8220;4.27.0&#8243; _module_preset=&#8220;default&#8220; global_colors_info=&#8220;{}&#8220;][et_pb_image src=&#8220;https:\/\/uwemajo.com\/wp-content\/uploads\/2024\/07\/Volontariat-Lodge.webp&#8220; title_text=&#8220;Volontariat Lodge&#8220; _builder_version=&#8220;4.27.0&#8243; _module_preset=&#8220;default&#8220; custom_margin=&#8220;||10px||false|false&#8220; global_colors_info=&#8220;{}&#8220;][\/et_pb_image][et_pb_text _builder_version=&#8220;4.27.0&#8243; _module_preset=&#8220;default&#8220; text_text_color=&#8220;#D5E8DF&#8220; header_3_text_color=&#8220;#FFFFFF&#8220; global_colors_info=&#8220;{}&#8220;]<\/p>\n<h3>Unterkunft im Park<\/h3>\n<p>Du wohnst in unserer Lodge im Park.<\/p>\n<p>[\/et_pb_text][\/et_pb_column][et_pb_column type=&#8220;1_3&#8243; _builder_version=&#8220;4.27.0&#8243; _module_preset=&#8220;default&#8220; global_colors_info=&#8220;{}&#8220;][et_pb_image src=&#8220;https:\/\/uwemajo.com\/wp-content\/uploads\/2024\/07\/Volontariat-Hotel.webp&#8220; title_text=&#8220;Volontariat Hotel&#8220; _builder_version=&#8220;4.27.0&#8243; _module_preset=&#8220;default&#8220; custom_margin=&#8220;||10px||false|false&#8220; global_colors_info=&#8220;{}&#8220;][\/et_pb_image][et_pb_text _builder_version=&#8220;4.27.0&#8243; _module_preset=&#8220;default&#8220; text_text_color=&#8220;#D5E8DF&#8220; header_3_text_color=&#8220;#FFFFFF&#8220; global_colors_info=&#8220;{}&#8220;]<\/p>\n<h3>Unterkunft bei lokalen Gastgebern<\/h3>\n<p>Du wohnst bei einer lokalen Familie.<\/p>\n<p>[\/et_pb_text][\/et_pb_column][\/et_pb_row][\/et_pb_section][et_pb_section fb_built=&#8220;1&#8243; _builder_version=&#8220;4.27.0&#8243; _module_preset=&#8220;default&#8220; global_colors_info=&#8220;{}&#8220;][et_pb_row _builder_version=&#8220;4.27.0&#8243; _module_preset=&#8220;default&#8220; global_colors_info=&#8220;{}&#8220;][et_pb_column type=&#8220;4_4&#8243; _builder_version=&#8220;4.27.0&#8243; _module_preset=&#8220;default&#8220; global_colors_info=&#8220;{}&#8220;][et_pb_text _builder_version=&#8220;4.27.0&#8243; _module_preset=&#8220;default&#8220; hover_enabled=&#8220;0&#8243; global_colors_info=&#8220;{}&#8220; sticky_enabled=&#8220;0&#8243;]<\/p>\n<h2>Das erwarten wir von Dir:<\/h2>\n<ul>\n<li>Freude am Umgang mit Menschen und Reptilien<\/li>\n<li>Verantwortungsbewusstsein<\/li>\n<li>Freundliches- und kollegiales Verhalten<\/li>\n<li>Sichere Kommunikation in englischer Sprache<\/li>\n<li>Motivation und Einsatzbereitschaft<\/li>\n<\/ul>\n<p>[\/et_pb_text][\/et_pb_column][\/et_pb_row][\/et_pb_section][et_pb_section fb_built=&#8220;1&#8243; module_id=&#8220;formular&#8220; _builder_version=&#8220;4.27.0&#8243; _module_preset=&#8220;default&#8220; background_color=&#8220;#D5E8DF&#8220; global_colors_info=&#8220;{}&#8220;][et_pb_row _builder_version=&#8220;4.27.0&#8243; _module_preset=&#8220;default&#8220; global_colors_info=&#8220;{}&#8220;][et_pb_column type=&#8220;4_4&#8243; _builder_version=&#8220;4.27.0&#8243; _module_preset=&#8220;default&#8220; global_colors_info=&#8220;{}&#8220;][et_pb_text _builder_version=&#8220;4.27.0&#8243; _module_preset=&#8220;default&#8220; global_colors_info=&#8220;{}&#8220;]<\/p>\n<h2>Deine Anfrage (nur f\u00fcr ein Volontariat)<\/h2>\n<p>Bitte f\u00fclle alle mit <strong>*<\/strong> gekennzeichneten Felder aus.<\/p>\n<p>[\/et_pb_text][et_pb_code _builder_version=&#8220;4.27.0&#8243; _module_preset=&#8220;default&#8220; global_colors_info=&#8220;{}&#8220;]\n<div class=\"wpcf7 no-js\" id=\"wpcf7-f11-o1\" lang=\"de-DE\" dir=\"ltr\" data-wpcf7-id=\"11\">\n<div class=\"screen-reader-response\"><p role=\"status\" aria-live=\"polite\" aria-atomic=\"true\"><\/p> <ul><\/ul><\/div>\n<form action=\"\/en\/wp-json\/wp\/v2\/pages\/339#wpcf7-f11-o1\" method=\"post\" class=\"wpcf7-form init\" aria-label=\"Kontaktformular\" novalidate=\"novalidate\" data-status=\"init\">\n<fieldset class=\"hidden-fields-container\"><input type=\"hidden\" name=\"_wpcf7\" value=\"11\" \/><input type=\"hidden\" name=\"_wpcf7_version\" value=\"6.1.5\" \/><input type=\"hidden\" name=\"_wpcf7_locale\" value=\"de_DE\" \/><input type=\"hidden\" name=\"_wpcf7_unit_tag\" value=\"wpcf7-f11-o1\" \/><input type=\"hidden\" name=\"_wpcf7_container_post\" value=\"0\" \/><input type=\"hidden\" name=\"_wpcf7_posted_data_hash\" value=\"\" \/>\n<\/fieldset>\n<p><label> Dein Name<br \/>\n<span class=\"wpcf7-form-control-wrap\" data-name=\"your-name\"><input size=\"40\" maxlength=\"400\" class=\"wpcf7-form-control wpcf7-text wpcf7-validates-as-required\" aria-required=\"true\" aria-invalid=\"false\" value=\"\" type=\"text\" name=\"your-name\" \/><\/span> <\/label>\n<\/p>\n<p><label> Deine E-Mail-Adresse<br \/>\n<span class=\"wpcf7-form-control-wrap\" data-name=\"your-email\"><input size=\"40\" maxlength=\"400\" class=\"wpcf7-form-control wpcf7-email wpcf7-validates-as-required wpcf7-text wpcf7-validates-as-email\" aria-required=\"true\" aria-invalid=\"false\" value=\"\" type=\"email\" name=\"your-email\" \/><\/span> <\/label>\n<\/p>\n<p><label> Betreff<br \/>\n<span class=\"wpcf7-form-control-wrap\" data-name=\"your-subject\"><input size=\"40\" maxlength=\"400\" class=\"wpcf7-form-control wpcf7-text wpcf7-validates-as-required\" aria-required=\"true\" aria-invalid=\"false\" value=\"\" type=\"text\" name=\"your-subject\" \/><\/span> <\/label>\n<\/p>\n<p><label> Deine Nachricht (optional)<br \/>\n<span class=\"wpcf7-form-control-wrap\" data-name=\"your-message\"><textarea cols=\"40\" rows=\"10\" maxlength=\"2000\" class=\"wpcf7-form-control wpcf7-textarea\" aria-invalid=\"false\" name=\"your-message\"><\/textarea><\/span> <\/label>\n<\/p>\n<p><input class=\"wpcf7-form-control wpcf7-submit has-spinner\" type=\"submit\" value=\"Senden\" \/>\n<\/p><div class=\"wpcf7-response-output\" aria-hidden=\"true\"><\/div>\n<\/form>\n<\/div>\n[\/et_pb_code][\/et_pb_column][\/et_pb_row][\/et_pb_section]<\/p>\n","protected":false},"excerpt":{"rendered":"<p>BILD = PLATZHALTER (fehlt noch)DEIN VOLONTARIAT Heldinnen und Helden gesucht! Werde Volontar im Schildkr\u00f6ten- und Reptilienpark und unterst\u00fctze uns aktiv beim Schutz faszinierender Tiere und einzigartiger \u00d6kosysteme.\u00a0 Erlebe hautnah die faszinierende Welt der Schildkr\u00f6ten und Reptilien: Lerne verschiedene Arten kennen und beobachte ihr Verhalten aus n\u00e4chster N\u00e4he. Hilf bei der F\u00fctterung und Pflege der Tiere. [&hellip;]<\/p>\n","protected":false},"author":1,"featured_media":0,"parent":0,"menu_order":0,"comment_status":"closed","ping_status":"closed","template":"","meta":{"_et_pb_use_builder":"on","_et_pb_old_content":"","_et_gb_content_width":"","footnotes":""},"class_list":["post-339","page","type-page","status-publish","hentry"],"_links":{"self":[{"href":"https:\/\/uwemajo.com\/en\/wp-json\/wp\/v2\/pages\/339","targetHints":{"allow":["GET"]}}],"collection":[{"href":"https:\/\/uwemajo.com\/en\/wp-json\/wp\/v2\/pages"}],"about":[{"href":"https:\/\/uwemajo.com\/en\/wp-json\/wp\/v2\/types\/page"}],"author":[{"embeddable":true,"href":"https:\/\/uwemajo.com\/en\/wp-json\/wp\/v2\/users\/1"}],"replies":[{"embeddable":true,"href":"https:\/\/uwemajo.com\/en\/wp-json\/wp\/v2\/comments?post=339"}],"version-history":[{"count":9,"href":"https:\/\/uwemajo.com\/en\/wp-json\/wp\/v2\/pages\/339\/revisions"}],"predecessor-version":[{"id":384,"href":"https:\/\/uwemajo.com\/en\/wp-json\/wp\/v2\/pages\/339\/revisions\/384"}],"wp:attachment":[{"href":"https:\/\/uwemajo.com\/en\/wp-json\/wp\/v2\/media?parent=339"}],"curies":[{"name":"wp","href":"https:\/\/api.w.org\/{rel}","templated":true}]}}