{"id":197,"date":"2024-03-28T11:31:50","date_gmt":"2024-03-28T11:31:50","guid":{"rendered":"https:\/\/uwemajo.com\/?page_id=197"},"modified":"2024-08-12T15:02:38","modified_gmt":"2024-08-12T15:02:38","slug":"startseite-2024","status":"publish","type":"page","link":"https:\/\/uwemajo.com\/en\/startseite-2024","title":{"rendered":"Startseite 2024"},"content":{"rendered":"<p>[et_pb_section fb_built=&#8220;1&#8243; _builder_version=&#8220;4.24.2&#8243; _module_preset=&#8220;default&#8220; custom_padding=&#8220;0px||||false|false&#8220; global_colors_info=&#8220;{}&#8220;][et_pb_row column_structure=&#8220;1_2,1_2&#8243; _builder_version=&#8220;4.24.2&#8243; _module_preset=&#8220;default&#8220; global_colors_info=&#8220;{}&#8220;][et_pb_column type=&#8220;1_2&#8243; _builder_version=&#8220;4.24.2&#8243; _module_preset=&#8220;default&#8220; global_colors_info=&#8220;{}&#8220;][et_pb_image src=&#8220;https:\/\/uwemajo.com\/wp-content\/uploads\/2022\/02\/chamaeleon.jpeg&#8220; title_text=&#8220;chamaeleon&#8220; _builder_version=&#8220;4.27.0&#8243; _module_preset=&#8220;default&#8220; hover_enabled=&#8220;0&#8243; global_colors_info=&#8220;{}&#8220; sticky_enabled=&#8220;0&#8243;][\/et_pb_image][\/et_pb_column][et_pb_column type=&#8220;1_2&#8243; _builder_version=&#8220;4.24.2&#8243; _module_preset=&#8220;default&#8220; global_colors_info=&#8220;{}&#8220;][et_pb_text _builder_version=&#8220;4.24.2&#8243; _module_preset=&#8220;default&#8220; header_font=&#8220;Oswald|700||on|||||&#8220; header_text_color=&#8220;#0E4724&#8243; header_font_size=&#8220;50px&#8220; header_2_font=&#8220;Oswald|700|||||||&#8220; header_2_text_color=&#8220;#819F8C&#8220; header_font_size_tablet=&#8220;50px&#8220; header_font_size_phone=&#8220;30px&#8220; header_font_size_last_edited=&#8220;on|phone&#8220; global_colors_info=&#8220;{}&#8220;]<\/p>\n<h1>uwemajo<\/h1>\n<h2>Jozani Schildkr\u00f6ten- und Reptilienpark<\/h2>\n<p><span>Unser Sozialprojekt dient dem Schutz des Jozani Mangrovenwaldes.<br \/><\/span>Bauernfamilien auf Zanzibar leben in der Regel von Ackerbau, Viehzucht, der Jagd und dem Meilern von Kohle. Dies hat aber f\u00fcr den Mangrovenwald und somit auch f\u00fcr Zanzibar verheerende Auswirkungen.<\/p>\n<div class=\"et_pb_module et_pb_text et_pb_text_1 et_pb_text_align_left et_pb_bg_layout_light et_had_animation\">\n<div class=\"et_pb_text_inner\">\n<p>Um den im rund 56 Quadratkilometern gro\u00dfen Nationalparks lebenden 118 Bauernfamilien ihre T\u00e4tigkeiten nicht einfach zu verbieten, sorgt das Projekt UWEMAJO nun f\u00fcr Ersatzeinkommen. F\u00fcr die neue Lebensgrundlage hat die NGO eine Fl\u00e4che von 4 Hektar zur Verf\u00fcgung gestellt bekommen.<\/p>\n<p>Hier wird eine Fischfarm betrieben, es wurden affensichere Gew\u00e4chsh\u00e4user errichtet und ein Reptilienpark f\u00fcr touristische Zwecke er\u00f6ffnet. Alle Einnahmen, inklusive Cafe und Souveniershop werden unmittelbar auf die 118 Bauernfamilien aufgeteilt.<\/p>\n<p><strong>UWEMAJO ist unser Beitrag zum Erhalt des Mangrovenwalds!<\/strong><\/p>\n<\/div>\n<\/div>\n<p>[\/et_pb_text][et_pb_button button_url=&#8220;#spenden&#8220; button_text=&#8220;So kannst Du uns unterst\u00fctzen!&#8220; module_class=&#8220;vollebreite&#8220; _builder_version=&#8220;4.27.0&#8243; _module_preset=&#8220;default&#8220; custom_button=&#8220;on&#8220; button_text_color=&#8220;#FFFFFF&#8220; button_bg_color=&#8220;#0E4724&#8243; button_border_width=&#8220;0px&#8220; button_icon=&#8220;&#xf05a;||fa||900&#8243; button_icon_color=&#8220;#D5E8DF&#8220; button_icon_placement=&#8220;left&#8220; button_on_hover=&#8220;off&#8220; custom_margin=&#8220;||10px||false|false&#8220; custom_padding=&#8220;||||false|false&#8220; global_colors_info=&#8220;{}&#8220;][\/et_pb_button][\/et_pb_column][\/et_pb_row][\/et_pb_section][et_pb_section fb_built=&#8220;1&#8243; _builder_version=&#8220;4.24.2&#8243; _module_preset=&#8220;default&#8220; background_color=&#8220;#D5E8DF&#8220; global_colors_info=&#8220;{}&#8220;][et_pb_row column_structure=&#8220;1_2,1_2&#8243; _builder_version=&#8220;4.24.2&#8243; _module_preset=&#8220;default&#8220; global_colors_info=&#8220;{}&#8220;][et_pb_column type=&#8220;1_2&#8243; _builder_version=&#8220;4.24.2&#8243; _module_preset=&#8220;default&#8220; global_colors_info=&#8220;{}&#8220;][et_pb_text _builder_version=&#8220;4.27.0&#8243; _module_preset=&#8220;default&#8220; header_2_font=&#8220;Oswald|600|||||||&#8220; header_2_text_color=&#8220;#0E4724&#8243; header_2_line_height=&#8220;1.2em&#8220; global_colors_info=&#8220;{}&#8220;]<\/p>\n<h2>Besuche den Reptilienpark<\/h2>\n<p>Erlebe Schildkr\u00f6ten und andere Reptilien in ihrer nat\u00fcrlichen Umgebung.<br \/>Bei uns findest Du die g<span>r\u00fcne Meeresschildkr\u00f6te (Chelonia mydas), die <\/span><span>Aldabra Riesenschildkr\u00f6te (Aldabrachelys gigantea), die <\/span><span>Gelenkschildkr\u00f6te (Kinixys zombensis ssp.), die <\/span><span>Gelbbauch-Klappbrust-Pelomeduse (Pelusios castanoider), die <\/span><span>Pantherschildkr\u00f6te (Stigmochelys pardalis), die <\/span><span>Strahlenschildkr\u00f6te (Astrochelys radiata), das <\/span><span>Lappencham\u00e4leon (Chamaeleo dilepis) die n\u00f6rdliche <\/span><span>Felsenpython (Python sebae) und den <\/span><span>Nilwaran (Varanus niloticus).<\/span><\/p>\n<p><span>Nach einem Rundgang durch den Park mit einem unserer Tourguides kannst du unser Cafe besuchen und tolle handgefertigte Souveniers in unserem Shop erwerben. Hier findest du zum Beispiel handgefertigte Taschen, die dich noch lange an deinen Besuch im Uwemjao Reptilienpark erinnern werden.<\/span><\/p>\n<p><strong>\u00d6ffnungszeiten:<br \/><\/strong>T\u00e4glich von 08.00 Uhr \u2013 17.30 Uhr<\/p>\n<p><strong>Eintrittspreise<br \/><\/strong>10 US $\u00a0 (10 Euro) je Person<br \/>5 US $(5 Euro) f\u00fcr Kinder zwischen 3 und 14 Jahre<\/p>\n<p>[\/et_pb_text][et_pb_button button_url=&#8220;@ET-DC@eyJkeW5hbWljIjp0cnVlLCJjb250ZW50IjoicG9zdF9saW5rX3VybF9wYWdlIiwic2V0dGluZ3MiOnsicG9zdF9pZCI6IjMwOSJ9fQ==@&#8220; button_text=&#8220;Jetzt unseren Reptilienpark besuchen!&#8220; module_class=&#8220;vollebreite&#8220; _builder_version=&#8220;4.27.0&#8243; _dynamic_attributes=&#8220;button_url&#8220; _module_preset=&#8220;default&#8220; custom_button=&#8220;on&#8220; button_text_color=&#8220;#FFFFFF&#8220; button_bg_color=&#8220;#0E4724&#8243; button_border_width=&#8220;0px&#8220; button_icon=&#8220;&#xf14e;||fa||900&#8243; button_icon_color=&#8220;#D5E8DF&#8220; button_icon_placement=&#8220;left&#8220; button_on_hover=&#8220;off&#8220; custom_margin=&#8220;||10px||false|false&#8220; custom_padding=&#8220;||||false|false&#8220; global_colors_info=&#8220;{}&#8220;][\/et_pb_button][et_pb_button button_url=&#8220;@ET-DC@eyJkeW5hbWljIjp0cnVlLCJjb250ZW50IjoicG9zdF9saW5rX3VybF9wYWdlIiwic2V0dGluZ3MiOnsicG9zdF9pZCI6IjI3MyJ9fQ==@&#8220; button_text=&#8220;Ich m\u00f6chte mehr erfahren!&#8220; module_class=&#8220;vollebreite&#8220; _builder_version=&#8220;4.27.0&#8243; _dynamic_attributes=&#8220;button_url&#8220; _module_preset=&#8220;default&#8220; custom_button=&#8220;on&#8220; button_text_color=&#8220;#FFFFFF&#8220; button_bg_color=&#8220;#819F8C&#8220; button_border_width=&#8220;0px&#8220; button_icon=&#8220;&#xf05a;||fa||900&#8243; button_icon_color=&#8220;#D5E8DF&#8220; button_icon_placement=&#8220;left&#8220; button_on_hover=&#8220;off&#8220; custom_margin=&#8220;||5px||false|false&#8220; global_colors_info=&#8220;{}&#8220;][\/et_pb_button][\/et_pb_column][et_pb_column type=&#8220;1_2&#8243; _builder_version=&#8220;4.24.2&#8243; _module_preset=&#8220;default&#8220; global_colors_info=&#8220;{}&#8220;][et_pb_video src=&#8220;https:\/\/www.youtube.com\/watch?v=qFR-YcuEOI4&#8243; _builder_version=&#8220;4.24.2&#8243; _module_preset=&#8220;default&#8220; custom_margin=&#8220;||10px||false|false&#8220; global_colors_info=&#8220;{}&#8220;][\/et_pb_video][et_pb_social_media_follow _builder_version=&#8220;4.24.2&#8243; _module_preset=&#8220;default&#8220; global_colors_info=&#8220;{}&#8220;][et_pb_social_media_follow_network social_network=&#8220;youtube&#8220; url=&#8220;https:\/\/www.youtube.com\/@uwemajoreptilepark8658&#8243; _builder_version=&#8220;4.24.2&#8243; _module_preset=&#8220;default&#8220; background_color=&#8220;#819F8C&#8220; background_enable_color=&#8220;on&#8220; global_colors_info=&#8220;{}&#8220; follow_button=&#8220;off&#8220; url_new_window=&#8220;on&#8220;]youtube[\/et_pb_social_media_follow_network][et_pb_social_media_follow_network social_network=&#8220;twitter&#8220; url=&#8220;http:\/\/twitter.com\/uwemajo1&#8243; _builder_version=&#8220;4.24.2&#8243; _module_preset=&#8220;default&#8220; background_color=&#8220;#819F8C&#8220; background_enable_color=&#8220;on&#8220; global_colors_info=&#8220;{}&#8220; follow_button=&#8220;off&#8220; url_new_window=&#8220;on&#8220;]X[\/et_pb_social_media_follow_network][et_pb_social_media_follow_network social_network=&#8220;facebook&#8220; url=&#8220;http:\/\/facebook.com\/Uwemajo-jozani-103191092229503&#8243; _builder_version=&#8220;4.24.2&#8243; _module_preset=&#8220;default&#8220; background_color=&#8220;#819F8C&#8220; background_enable_color=&#8220;on&#8220; global_colors_info=&#8220;{}&#8220; follow_button=&#8220;off&#8220; url_new_window=&#8220;on&#8220;]facebook[\/et_pb_social_media_follow_network][et_pb_social_media_follow_network social_network=&#8220;instagram&#8220; url=&#8220;http:\/\/instagram.com\/uwemajojozani&#8220; _builder_version=&#8220;4.24.2&#8243; _module_preset=&#8220;default&#8220; background_color=&#8220;#819F8C&#8220; background_enable_color=&#8220;on&#8220; global_colors_info=&#8220;{}&#8220; follow_button=&#8220;off&#8220; url_new_window=&#8220;on&#8220;]instagram[\/et_pb_social_media_follow_network][\/et_pb_social_media_follow][\/et_pb_column][\/et_pb_row][\/et_pb_section][et_pb_section fb_built=&#8220;1&#8243; module_id=&#8220;spenden&#8220; _builder_version=&#8220;4.27.0&#8243; _module_preset=&#8220;default&#8220; global_colors_info=&#8220;{}&#8220;][et_pb_row column_structure=&#8220;3_5,2_5&#8243; _builder_version=&#8220;4.24.2&#8243; _module_preset=&#8220;default&#8220; global_colors_info=&#8220;{}&#8220;][et_pb_column type=&#8220;3_5&#8243; _builder_version=&#8220;4.24.2&#8243; _module_preset=&#8220;default&#8220; global_colors_info=&#8220;{}&#8220;][et_pb_image src=&#8220;https:\/\/uwemajo.com\/wp-content\/uploads\/2024\/03\/uwemajo-shop.webp&#8220; alt=&#8220;uwemajo shop&#8220; title_text=&#8220;uwemajo shop&#8220; _builder_version=&#8220;4.24.2&#8243; _module_preset=&#8220;default&#8220; global_colors_info=&#8220;{}&#8220;][\/et_pb_image][\/et_pb_column][et_pb_column type=&#8220;2_5&#8243; _builder_version=&#8220;4.24.2&#8243; _module_preset=&#8220;default&#8220; global_colors_info=&#8220;{}&#8220;][et_pb_text _builder_version=&#8220;4.24.2&#8243; _module_preset=&#8220;default&#8220; header_2_font=&#8220;Oswald|600|||||||&#8220; header_2_text_color=&#8220;#0E4724&#8243; header_2_line_height=&#8220;1.2em&#8220; global_colors_info=&#8220;{}&#8220;]<\/p>\n<h2>So kannst du unterst\u00fctzen<\/h2>\n<p><strong>Jedes Projekt lebt vom Enagement gro\u00dfartiger Menschen.<\/strong><\/p>\n<p>Unser Projekt UWEMAJO ist ein sehr wichtiger Schritt f\u00fcr die Familien im Nationalpark. Damit wir das Projekt fortf\u00fchren k\u00f6nnen, ben\u00f6tigen wir Deine Hilfe. Wir freuen uns \u00fcber Deine Weiterempfehlung (bei Freunden und in den sozialen Medien), Deine aktive Mithilfe im Volontariat oder eine Spende f\u00fcr unser Projekt. Auch wenn Du nicht in Zanzibar bist, freuen wir uns \u00fcber Deine Hilfe.<\/p>\n<p>Ein wichtiger Schritt ist es, den Park noch attraktiver f\u00fcr unsere Besucher zu gestalten. Neben diesem Grund ist uns auch die artgerechte Haltung der Tiere ein echtes Anliegen. Unser n\u00e4chstes Projekt ist daher der Gehegeumbau der Warane und eine Voliere f\u00fcr die Cham\u00e4leons zum Schutz gegen die Schlangen.<\/p>\n<p><strong>Wir freuen uns sehr, \u00fcber Deine Spende!<\/strong><\/p>\n<p>[\/et_pb_text][et_pb_button button_text=&#8220;Jetzt mit PayPal spenden!&#8220; module_class=&#8220;vollebreite&#8220; _builder_version=&#8220;4.27.0&#8243; _module_preset=&#8220;default&#8220; custom_button=&#8220;on&#8220; button_text_color=&#8220;#FFFFFF&#8220; button_bg_color=&#8220;#0C71C3&#8243; button_border_width=&#8220;0px&#8220; button_border_radius=&#8220;5px&#8220; button_icon=&#8220;&#xf1ed;||fa||400&#8243; button_icon_color=&#8220;#D5E8DF&#8220; button_icon_placement=&#8220;left&#8220; button_on_hover=&#8220;off&#8220; custom_margin=&#8220;||10px||false|false&#8220; custom_padding=&#8220;||||false|false&#8220; global_colors_info=&#8220;{}&#8220;][\/et_pb_button][\/et_pb_column][\/et_pb_row][\/et_pb_section][et_pb_section fb_built=&#8220;1&#8243; _builder_version=&#8220;4.24.2&#8243; _module_preset=&#8220;default&#8220; background_color=&#8220;#D5E8DF&#8220; global_colors_info=&#8220;{}&#8220;][et_pb_row column_structure=&#8220;1_4,3_4&#8243; _builder_version=&#8220;4.24.2&#8243; _module_preset=&#8220;default&#8220; global_colors_info=&#8220;{}&#8220;][et_pb_column type=&#8220;1_4&#8243; _builder_version=&#8220;4.24.2&#8243; _module_preset=&#8220;default&#8220; global_colors_info=&#8220;{}&#8220;][et_pb_icon font_icon=&#8220;&#xf10e;||fa||900&#8243; icon_color=&#8220;#0E4724&#8243; align=&#8220;right&#8220; align_tablet=&#8220;center&#8220; align_phone=&#8220;center&#8220; align_last_edited=&#8220;on|phone&#8220; _builder_version=&#8220;4.24.2&#8243; _module_preset=&#8220;default&#8220; global_colors_info=&#8220;{}&#8220;][\/et_pb_icon][\/et_pb_column][et_pb_column type=&#8220;3_4&#8243; _builder_version=&#8220;4.24.2&#8243; _module_preset=&#8220;default&#8220; global_colors_info=&#8220;{}&#8220;][et_pb_text _builder_version=&#8220;4.24.2&#8243; _module_preset=&#8220;default&#8220; header_2_line_height=&#8220;1.2em&#8220; global_colors_info=&#8220;{}&#8220;]<\/p>\n<h2>Besuche einmal die Mangroven und ein Teil von Dir bleibt f\u00fcr immer.<\/h2>\n<p><strong>Axel Meier<\/strong><br \/>Schildkr\u00f6tenexperte<\/p>\n<p>[\/et_pb_text][\/et_pb_column][\/et_pb_row][\/et_pb_section][et_pb_section fb_built=&#8220;1&#8243; _builder_version=&#8220;4.27.0&#8243; _module_preset=&#8220;default&#8220; global_colors_info=&#8220;{}&#8220;][et_pb_row _builder_version=&#8220;4.27.0&#8243; _module_preset=&#8220;default&#8220; global_colors_info=&#8220;{}&#8220;][et_pb_column type=&#8220;4_4&#8243; _builder_version=&#8220;4.27.0&#8243; _module_preset=&#8220;default&#8220; global_colors_info=&#8220;{}&#8220;][et_pb_text _builder_version=&#8220;4.27.0&#8243; _module_preset=&#8220;default&#8220; global_colors_info=&#8220;{}&#8220;]<\/p>\n<h2 style=\"text-align: center;\">UWEMAJO AKTUELL<\/h2>\n<p>[\/et_pb_text][brbl_post_grid include_categories=&#8220;16&#8243; order=&#8220;DESC&#8220; post_count=&#8220;3&#8243; content_width=&#8220;100%&#8220; content_offset_y=&#8220;0px&#8220; layout=&#8220;layout2&#8243; show_author=&#8220;off&#8220; show_date=&#8220;off&#8220; show_btn=&#8220;on&#8220; button_text=&#8220;Mehr lesen&#8230;&#8220; content_bg_color=&#8220;rgba(213,232,223,0.41)&#8220; column_count_tablet=&#8220;2&#8243; column_count_phone=&#8220;1&#8243; column_count_last_edited=&#8220;on|desktop&#8220; _builder_version=&#8220;4.27.0&#8243; _module_preset=&#8220;default&#8220; custom_button=&#8220;on&#8220; button_text_size=&#8220;18px&#8220; button_text_color=&#8220;#FFFFFF&#8220; button_bg_color=&#8220;#819F8C&#8220; button_border_width=&#8220;0px&#8220; global_colors_info=&#8220;{}&#8220;][\/brbl_post_grid][\/et_pb_column][\/et_pb_row][\/et_pb_section][et_pb_section fb_built=&#8220;1&#8243; module_id=&#8220;newsletter&#8220; _builder_version=&#8220;4.27.0&#8243; _module_preset=&#8220;default&#8220; background_color=&#8220;#D5E8DF&#8220; global_colors_info=&#8220;{}&#8220;][et_pb_row column_structure=&#8220;1_4,3_4&#8243; _builder_version=&#8220;4.24.2&#8243; _module_preset=&#8220;default&#8220; global_colors_info=&#8220;{}&#8220;][et_pb_column type=&#8220;1_4&#8243; _builder_version=&#8220;4.24.2&#8243; _module_preset=&#8220;default&#8220; global_colors_info=&#8220;{}&#8220;][et_pb_image src=&#8220;https:\/\/uwemajo.com\/wp-content\/uploads\/2024\/03\/Schildkroete-Newsletter.webp&#8220; title_text=&#8220;Turtle News&#8220; _builder_version=&#8220;4.24.2&#8243; _module_preset=&#8220;default&#8220; border_radii=&#8220;on|250px|250px|250px|250px&#8220; global_colors_info=&#8220;{}&#8220;][\/et_pb_image][\/et_pb_column][et_pb_column type=&#8220;3_4&#8243; _builder_version=&#8220;4.24.2&#8243; _module_preset=&#8220;default&#8220; global_colors_info=&#8220;{}&#8220;][et_pb_text _builder_version=&#8220;4.24.2&#8243; _module_preset=&#8220;default&#8220; header_2_font=&#8220;Oswald|600|||||||&#8220; header_2_text_color=&#8220;#0E4724&#8243; header_2_line_height=&#8220;1.2em&#8220; global_colors_info=&#8220;{}&#8220;]<\/p>\n<h2>Unsere Turtle News<\/h2>\n<p>Trage Dich jetzt in unseren Newsverteiler ein und bleibe gut informiert.<br \/>Bitte f\u00fclle alle mit <strong>*<\/strong> gekennzeichneten Felder aus.<\/p>\n<p>[\/et_pb_text][et_pb_code _builder_version=&#8220;4.24.2&#8243; _module_preset=&#8220;default&#8220; global_colors_info=&#8220;{}&#8220;]\n\t\t\t<form id=\"sib_signup_form_1\" method=\"post\" class=\"sib_signup_form\">\n\t\t\t\t<div class=\"sib_loader\" style=\"display:none;\"><img\n\t\t\t\t\t\t\tsrc=\"https:\/\/uwemajo.com\/wp-includes\/images\/spinner.gif\" alt=\"loader\"><\/div>\n\t\t\t\t<input type=\"hidden\" name=\"sib_form_action\" value=\"subscribe_form_submit\">\n\t\t\t\t<input type=\"hidden\" name=\"sib_form_id\" value=\"1\">\n                <input type=\"hidden\" name=\"sib_form_alert_notice\" value=\"Please fill out this field - Bitte f\u00fclle dieses Feld aus!\">\n                <input type=\"hidden\" name=\"sib_form_invalid_email_notice\" value=\"Your email address is invalid - Deine Email-Adresse ist ung\u00fcltig\">\n                <input type=\"hidden\" name=\"sib_security\" value=\"dd0a4e7aae\">\n\t\t\t\t<div class=\"sib_signup_box_inside_1\">\n\t\t\t\t\t<div style=\"\/*display:none*\/\" class=\"sib_msg_disp\">\n\t\t\t\t\t<\/div>\n                    \t\t\t\t\t<p class=\"sib-FIRSTNAME-area\"> \r\n    <label class=\"sib-VORNAME-area\">Vorname*<\/label> \r\n    <input type=\"text\" class=\"sib-VORNAME-area\" name=\"VORNAME\" placeholder=\"Firstname\" required=\"required\"> \r\n<\/p>\r\n\r\n<p class=\"sib-LASTNAME-area\"> \r\n    <label class=\"sib-NACHNAME-area\">Nachname*<\/label> \r\n    <input type=\"text\" class=\"sib-NACHNAME-area\" name=\"NACHNAME\" placeholder=\"Lastname\" required=\"required\"> \r\n<\/p>\r\n\r\n<p class=\"sib-email-area\">\r\n    Email Address*\r\n    <input type=\"email\" class=\"sib-email-area\" name=\"email\" required=\"required\">\r\n<\/p>\r\n<p>Ihre E-Mail-Adresse wird ausschlie\u00dflich f\u00fcr den Versand unseres Newsletters verwendet. Sie k\u00f6nnen sich jederzeit \u00fcber einen Abmeldelink in den Benachrichtigungen abmelden.\r\n\r\nYour e-mail address is only used to send you our newsletter and information about the activities of Uwemajo. You can always use the unsubscribe link included in the newsletter.<\/p>\r\n\r\n<input type=\"checkbox\" name=\"terms\" required=\"required\">Ich akzeptiere die <a href=\"\/datenschutz\">Datenschutzbestimmungen<\/a> - I accept the terms and conditions \r\n<div style=\"margin-top: 10px\"><\/div>\r\n<p>\r\n    <input type=\"submit\" class=\"sib-default-btn\" value=\"Register\/Anmelden\">\r\n<\/p>\r\n\t\t\t\t<\/div>\n\t\t\t<\/form>\n\t\t\t<style>\n\t\t\t\tform#sib_signup_form_1 p.sib-alert-message {\n    padding: 6px 12px;\n    margin-bottom: 20px;\n    border: 1px solid transparent;\n    border-radius: 4px;\n    -webkit-box-sizing: border-box;\n    -moz-box-sizing: border-box;\n    box-sizing: border-box;\n}\nform#sib_signup_form_1 p.sib-alert-message-error {\n    background-color: #f2dede;\n    border-color: #ebccd1;\n    color: #a94442;\n}\nform#sib_signup_form_1 p.sib-alert-message-success {\n    background-color: #dff0d8;\n    border-color: #d6e9c6;\n    color: #3c763d;\n}\nform#sib_signup_form_1 p.sib-alert-message-warning {\n    background-color: #fcf8e3;\n    border-color: #faebcc;\n    color: #8a6d3b;\n}\n\t\t\t<\/style>\n\t\t\t[\/et_pb_code][\/et_pb_column][\/et_pb_row][\/et_pb_section]<\/p>\n","protected":false},"excerpt":{"rendered":"<p>uwemajo Jozani Schildkr\u00f6ten- und Reptilienpark Unser Sozialprojekt dient dem Schutz des Jozani Mangrovenwaldes.Bauernfamilien auf Zanzibar leben in der Regel von Ackerbau, Viehzucht, der Jagd und dem Meilern von Kohle. Dies hat aber f\u00fcr den Mangrovenwald und somit auch f\u00fcr Zanzibar verheerende Auswirkungen. Um den im rund 56 Quadratkilometern gro\u00dfen Nationalparks lebenden 118 Bauernfamilien ihre T\u00e4tigkeiten [&hellip;]<\/p>\n","protected":false},"author":1,"featured_media":199,"parent":0,"menu_order":0,"comment_status":"closed","ping_status":"closed","template":"","meta":{"_et_pb_use_builder":"on","_et_pb_old_content":"","_et_gb_content_width":"","footnotes":""},"class_list":["post-197","page","type-page","status-publish","has-post-thumbnail","hentry"],"_links":{"self":[{"href":"https:\/\/uwemajo.com\/en\/wp-json\/wp\/v2\/pages\/197","targetHints":{"allow":["GET"]}}],"collection":[{"href":"https:\/\/uwemajo.com\/en\/wp-json\/wp\/v2\/pages"}],"about":[{"href":"https:\/\/uwemajo.com\/en\/wp-json\/wp\/v2\/types\/page"}],"author":[{"embeddable":true,"href":"https:\/\/uwemajo.com\/en\/wp-json\/wp\/v2\/users\/1"}],"replies":[{"embeddable":true,"href":"https:\/\/uwemajo.com\/en\/wp-json\/wp\/v2\/comments?post=197"}],"version-history":[{"count":47,"href":"https:\/\/uwemajo.com\/en\/wp-json\/wp\/v2\/pages\/197\/revisions"}],"predecessor-version":[{"id":381,"href":"https:\/\/uwemajo.com\/en\/wp-json\/wp\/v2\/pages\/197\/revisions\/381"}],"wp:featuredmedia":[{"embeddable":true,"href":"https:\/\/uwemajo.com\/en\/wp-json\/"}],"wp:attachment":[{"href":"https:\/\/uwemajo.com\/en\/wp-json\/wp\/v2\/media?parent=197"}],"curies":[{"name":"wp","href":"https:\/\/api.w.org\/{rel}","templated":true}]}}